{"id":11,"date":"2013-02-03T13:47:08","date_gmt":"2013-02-03T13:47:08","guid":{"rendered":"http:\/\/localhost\/mori\/?page_id=11"},"modified":"2013-11-20T15:54:45","modified_gmt":"2013-11-20T15:54:45","slug":"commercial-products","status":"publish","type":"page","link":"https:\/\/www.morrisonfuels.com\/fr\/commercial-products\/","title":{"rendered":"PRODUITS COMMERCIAUX"},"content":{"rendered":"<p>Nous offrons divers produits et services \u00e0 notre client\u00e8le commerciale, notamment la livraison de mazout, de propane, de diesel et d\u2019essence (on peut se procurer de l\u2019essence pour la course automobile aux installations de Morrison Fuels). En outre, nos techniciens peuvent fournir des services professionnels d\u2019installation et d\u2019entretien des appareils de chauffage et des r\u00e9servoirs \u00e0 combustible. Nous proposons \u00e9galement la location de r\u00e9servoirs \u00e0 combustible ainsi que des modes de paiement simplifi\u00e9s pour les services de livraison automatique de combustible.<\/p>","protected":false},"excerpt":{"rendered":"<p>Nous offrons divers produits et services \u00e0 notre client\u00e8le commerciale, notamment la livraison de mazout, de propane, de diesel et d\u2019essence (on peut se procurer de l\u2019essence pour la course automobile aux installations de Morrison Fuels). En outre, nos techniciens peuvent fournir des services professionnels d\u2019installation et d\u2019entretien des appareils de chauffage et des r\u00e9servoirs [&hellip;]<\/p>\n","protected":false},"author":1,"featured_media":0,"parent":0,"menu_order":0,"comment_status":"open","ping_status":"open","template":"combined.php","meta":{"footnotes":""},"class_list":["post-11","page","type-page","status-publish","hentry"],"yoast_head":"<!-- This site is optimized with the Yoast SEO plugin v26.9 - https:\/\/yoast.com\/product\/yoast-seo-wordpress\/ -->\n<title>Racing Fuel, Gas, Diesel, Industrial Lubricants, Fuel Delivery Western Quebec, Wakefield, Chelsea<\/title>\n<meta name=\"description\" content=\"We provide a number of products and services for our commercial customers, including delivery options for furnace oil, propane, diesel and gasoline. Delivering to Wakefield Chelsea, Gracefield, Aylmer, Lac Des Mont, Luskville &amp; Surrounding Areas\" \/>\n<meta name=\"robots\" content=\"index, follow, max-snippet:-1, max-image-preview:large, max-video-preview:-1\" \/>\n<link rel=\"canonical\" href=\"https:\/\/www.morrisonfuels.com\/commercial-products\/\" \/>\n<meta property=\"og:locale\" content=\"fr_FR\" \/>\n<meta property=\"og:type\" content=\"article\" \/>\n<meta property=\"og:title\" content=\"Racing Fuel, Gas, Diesel, Industrial Lubricants, Fuel Delivery Western Quebec, Wakefield, Chelsea\" \/>\n<meta property=\"og:description\" content=\"We provide a number of products and services for our commercial customers, including delivery options for furnace oil, propane, diesel and gasoline. Delivering to Wakefield Chelsea, Gracefield, Aylmer, Lac Des Mont, Luskville &amp; Surrounding Areas\" \/>\n<meta property=\"og:url\" content=\"https:\/\/www.morrisonfuels.com\/commercial-products\/\" \/>\n<meta property=\"article:modified_time\" content=\"2013-11-20T15:54:45+00:00\" \/>\n<meta name=\"twitter:label1\" content=\"Dur\u00e9e de lecture estim\u00e9e\" \/>\n\t<meta name=\"twitter:data1\" content=\"1 minute\" \/>\n<script type=\"application\/ld+json\" class=\"yoast-schema-graph\">{\"@context\":\"https:\/\/schema.org\",\"@graph\":[{\"@type\":\"WebPage\",\"@id\":\"https:\/\/www.morrisonfuels.com\/commercial-products\/\",\"url\":\"https:\/\/www.morrisonfuels.com\/commercial-products\/\",\"name\":\"Racing Fuel, Gas, Diesel, Industrial Lubricants, Fuel Delivery Western Quebec, Wakefield, Chelsea\",\"isPartOf\":{\"@id\":\"http:\/\/www.morrisonfuels.com\/#website\"},\"datePublished\":\"2013-02-03T13:47:08+00:00\",\"dateModified\":\"2013-11-20T15:54:45+00:00\",\"description\":\"We provide a number of products and services for our commercial customers, including delivery options for furnace oil, propane, diesel and gasoline. Delivering to Wakefield Chelsea, Gracefield, Aylmer, Lac Des Mont, Luskville & Surrounding Areas\",\"breadcrumb\":{\"@id\":\"https:\/\/www.morrisonfuels.com\/commercial-products\/#breadcrumb\"},\"inLanguage\":\"fr-FR\",\"potentialAction\":[{\"@type\":\"ReadAction\",\"target\":[\"https:\/\/www.morrisonfuels.com\/commercial-products\/\"]}]},{\"@type\":\"BreadcrumbList\",\"@id\":\"https:\/\/www.morrisonfuels.com\/commercial-products\/#breadcrumb\",\"itemListElement\":[{\"@type\":\"ListItem\",\"position\":1,\"name\":\"Home\",\"item\":\"http:\/\/www.morrisonfuels.com\/\"},{\"@type\":\"ListItem\",\"position\":2,\"name\":\"COMMERCIAL PRODUCTS\"}]},{\"@type\":\"WebSite\",\"@id\":\"http:\/\/www.morrisonfuels.com\/#website\",\"url\":\"http:\/\/www.morrisonfuels.com\/\",\"name\":\"\",\"description\":\"\",\"potentialAction\":[{\"@type\":\"SearchAction\",\"target\":{\"@type\":\"EntryPoint\",\"urlTemplate\":\"http:\/\/www.morrisonfuels.com\/?s={search_term_string}\"},\"query-input\":{\"@type\":\"PropertyValueSpecification\",\"valueRequired\":true,\"valueName\":\"search_term_string\"}}],\"inLanguage\":\"fr-FR\"}]}<\/script>\n<!-- \/ Yoast SEO plugin. -->","yoast_head_json":{"title":"Racing Fuel, Gas, Diesel, Industrial Lubricants, Fuel Delivery Western Quebec, Wakefield, Chelsea","description":"We provide a number of products and services for our commercial customers, including delivery options for furnace oil, propane, diesel and gasoline. Delivering to Wakefield Chelsea, Gracefield, Aylmer, Lac Des Mont, Luskville & Surrounding Areas","robots":{"index":"index","follow":"follow","max-snippet":"max-snippet:-1","max-image-preview":"max-image-preview:large","max-video-preview":"max-video-preview:-1"},"canonical":"https:\/\/www.morrisonfuels.com\/commercial-products\/","og_locale":"fr_FR","og_type":"article","og_title":"Racing Fuel, Gas, Diesel, Industrial Lubricants, Fuel Delivery Western Quebec, Wakefield, Chelsea","og_description":"We provide a number of products and services for our commercial customers, including delivery options for furnace oil, propane, diesel and gasoline. Delivering to Wakefield Chelsea, Gracefield, Aylmer, Lac Des Mont, Luskville & Surrounding Areas","og_url":"https:\/\/www.morrisonfuels.com\/commercial-products\/","article_modified_time":"2013-11-20T15:54:45+00:00","twitter_misc":{"Dur\u00e9e de lecture estim\u00e9e":"1 minute"},"schema":{"@context":"https:\/\/schema.org","@graph":[{"@type":"WebPage","@id":"https:\/\/www.morrisonfuels.com\/commercial-products\/","url":"https:\/\/www.morrisonfuels.com\/commercial-products\/","name":"Racing Fuel, Gas, Diesel, Industrial Lubricants, Fuel Delivery Western Quebec, Wakefield, Chelsea","isPartOf":{"@id":"http:\/\/www.morrisonfuels.com\/#website"},"datePublished":"2013-02-03T13:47:08+00:00","dateModified":"2013-11-20T15:54:45+00:00","description":"We provide a number of products and services for our commercial customers, including delivery options for furnace oil, propane, diesel and gasoline. Delivering to Wakefield Chelsea, Gracefield, Aylmer, Lac Des Mont, Luskville & Surrounding Areas","breadcrumb":{"@id":"https:\/\/www.morrisonfuels.com\/commercial-products\/#breadcrumb"},"inLanguage":"fr-FR","potentialAction":[{"@type":"ReadAction","target":["https:\/\/www.morrisonfuels.com\/commercial-products\/"]}]},{"@type":"BreadcrumbList","@id":"https:\/\/www.morrisonfuels.com\/commercial-products\/#breadcrumb","itemListElement":[{"@type":"ListItem","position":1,"name":"Home","item":"http:\/\/www.morrisonfuels.com\/"},{"@type":"ListItem","position":2,"name":"COMMERCIAL PRODUCTS"}]},{"@type":"WebSite","@id":"http:\/\/www.morrisonfuels.com\/#website","url":"http:\/\/www.morrisonfuels.com\/","name":"","description":"","potentialAction":[{"@type":"SearchAction","target":{"@type":"EntryPoint","urlTemplate":"http:\/\/www.morrisonfuels.com\/?s={search_term_string}"},"query-input":{"@type":"PropertyValueSpecification","valueRequired":true,"valueName":"search_term_string"}}],"inLanguage":"fr-FR"}]}},"_links":{"self":[{"href":"https:\/\/www.morrisonfuels.com\/fr\/wp-json\/wp\/v2\/pages\/11","targetHints":{"allow":["GET"]}}],"collection":[{"href":"https:\/\/www.morrisonfuels.com\/fr\/wp-json\/wp\/v2\/pages"}],"about":[{"href":"https:\/\/www.morrisonfuels.com\/fr\/wp-json\/wp\/v2\/types\/page"}],"author":[{"embeddable":true,"href":"https:\/\/www.morrisonfuels.com\/fr\/wp-json\/wp\/v2\/users\/1"}],"replies":[{"embeddable":true,"href":"https:\/\/www.morrisonfuels.com\/fr\/wp-json\/wp\/v2\/comments?post=11"}],"version-history":[{"count":11,"href":"https:\/\/www.morrisonfuels.com\/fr\/wp-json\/wp\/v2\/pages\/11\/revisions"}],"predecessor-version":[{"id":424,"href":"https:\/\/www.morrisonfuels.com\/fr\/wp-json\/wp\/v2\/pages\/11\/revisions\/424"}],"wp:attachment":[{"href":"https:\/\/www.morrisonfuels.com\/fr\/wp-json\/wp\/v2\/media?parent=11"}],"curies":[{"name":"wp","href":"https:\/\/api.w.org\/{rel}","templated":true}]}}