{"id":133,"date":"2013-06-13T08:09:05","date_gmt":"2013-06-13T08:09:05","guid":{"rendered":"http:\/\/morrison.evtradeshowgraphics.com\/?page_id=133"},"modified":"2013-11-21T22:00:55","modified_gmt":"2013-11-21T22:00:55","slug":"pay-online","status":"publish","type":"page","link":"https:\/\/www.morrisonfuels.com\/fr\/pay-online\/","title":{"rendered":"Paiement en ligne"},"content":{"rendered":"<p>Nous vous proposons diff\u00e9rents modes de paiement. Il vous suffit de choisir celui qui vous convient le mieux. Si vous avez des questions au sujet de la facturation ou des modes de paiement propos\u00e9s, n\u2019h\u00e9sitez pas \u00e0 communiquer avec nous au 819\u2011459-2337.<\/p>\n<p><b><i>Paiement en ligne<\/i><\/b><i><\/i><\/p>\n<p>Pour acquitter votre facture en ligne, ajoutez simplement Douglas Morrison lt\u00e9e \u00e0 la liste des fournisseurs inscrits \u00e0 vos services de paiement de factures en ligne (choisissez \u00ab\u00a0Douglas Morrison lt\u00e9e\u00a0\u00bb dans la liste des fournisseurs propos\u00e9s). Ensuite, indiquez le num\u00e9ro de r\u00e9f\u00e9rence, le montant \u00e0 payer et confirmez la transaction pour effectuer votre paiement!<\/p>\n<p>Les institutions financi\u00e8res suivantes offrent ce service\u00a0:<\/p>\n<ul>\n<li>Banque nationale du Canada<\/li>\n<li>Caisses populaires Desjardins<\/li>\n<li>Banques Scotia, CIBC, RBC et TD<\/li>\n<li>Banque Laurentienne du Canada<\/li>\n<\/ul>\n<p><b><i>Paiement \u00e0 votre institution financi\u00e8re<\/i><\/b><\/p>\n<p>Si vous pr\u00e9f\u00e9rez effectuer le paiement en personne, vous pouvez le faire aux succursales de la Banque nationale du Canada et des Caisses Desjardins \u00e0 Wakefield et \u00e0 Masham. Vous n\u2019avez qu\u2019\u00e0 pr\u00e9senter votre facture au comptoir.<\/p>\n<p><b><i>Paiement \u00e0 nos bureaux<\/i><\/b><\/p>\n<p>Si vous souhaitez r\u00e9gler votre facture aux bureaux de Morrison Fuels, voici les modes de paiement que nous acceptons\u00a0: Interac, ch\u00e8que, Visa et MasterCard. Notre adresse est le 75, chemin Saint-Cl\u00e9ment, Chelsea (Qu\u00e9bec).<\/p>\n<p><b><i>Paiement par la poste ou par t\u00e9l\u00e9phone<\/i><\/b><\/p>\n<p>Vous pouvez nous appeler au 819-459-2337 pour effectuer un paiement par Visa ou MasterCard, ou vous pouvez nous faire parvenir le paiement par la poste, \u00e0 l\u2019adresse suivante\u00a0: 75, chemin Saint-Cl\u00e9ment, Chelsea (Qu\u00e9bec).<\/p>\n<p><b><i>Paiements par versements mensuels<\/i><\/b><\/p>\n<p>Si vous souhaitez effectuer votre paiement par versements mensuels, nous pouvons \u00e9tablir un calendrier de versements \u00e9gaux. Aucun int\u00e9r\u00eat ne s\u2019appliquera. Vos paiements seront simplement \u00e9tal\u00e9s sur une p\u00e9riode de 10 mois. Veuillez nous appeler au 819-459-2337 pour \u00e9tablir votre calendrier de versements!<\/p>","protected":false},"excerpt":{"rendered":"<p>Nous vous proposons diff\u00e9rents modes de paiement. Il vous suffit de choisir celui qui vous convient le mieux. Si vous avez des questions au sujet de la facturation ou des modes de paiement propos\u00e9s, n\u2019h\u00e9sitez pas \u00e0 communiquer avec nous au 819\u2011459-2337. Paiement en ligne Pour acquitter votre facture en ligne, ajoutez simplement Douglas Morrison [&hellip;]<\/p>\n","protected":false},"author":1,"featured_media":375,"parent":0,"menu_order":0,"comment_status":"open","ping_status":"open","template":"page-fuel.php","meta":{"footnotes":""},"class_list":["post-133","page","type-page","status-publish","has-post-thumbnail","hentry"],"yoast_head":"<!-- This site is optimized with the Yoast SEO plugin v26.9 - https:\/\/yoast.com\/product\/yoast-seo-wordpress\/ -->\n<title>Payment Options for Morrison Fuels<\/title>\n<meta name=\"description\" content=\"Morrison Fuels offers a number of ways to pay for your service\u2014simply choose the option that is most convenient for you. If you have any questions about your bill, or about our payment options, please feel free to contact us at 819-459-2337.\" \/>\n<meta name=\"robots\" content=\"index, follow, max-snippet:-1, max-image-preview:large, max-video-preview:-1\" \/>\n<link rel=\"canonical\" href=\"https:\/\/www.morrisonfuels.com\/fr\/pay-online\/\" \/>\n<meta property=\"og:locale\" content=\"fr_FR\" \/>\n<meta property=\"og:type\" content=\"article\" \/>\n<meta property=\"og:title\" content=\"Payment Options for Morrison Fuels\" \/>\n<meta property=\"og:description\" content=\"Morrison Fuels offers a number of ways to pay for your service\u2014simply choose the option that is most convenient for you. If you have any questions about your bill, or about our payment options, please feel free to contact us at 819-459-2337.\" \/>\n<meta property=\"og:url\" content=\"https:\/\/www.morrisonfuels.com\/fr\/pay-online\/\" \/>\n<meta property=\"article:modified_time\" content=\"2013-11-21T22:00:55+00:00\" \/>\n<meta property=\"og:image\" content=\"https:\/\/www.morrisonfuels.com\/wp-content\/uploads\/2013\/06\/ok.png\" \/>\n\t<meta property=\"og:image:width\" content=\"42\" \/>\n\t<meta property=\"og:image:height\" content=\"37\" \/>\n\t<meta property=\"og:image:type\" content=\"image\/png\" \/>\n<meta name=\"twitter:label1\" content=\"Dur\u00e9e de lecture estim\u00e9e\" \/>\n\t<meta name=\"twitter:data1\" content=\"3 minutes\" \/>\n<script type=\"application\/ld+json\" class=\"yoast-schema-graph\">{\"@context\":\"https:\/\/schema.org\",\"@graph\":[{\"@type\":\"WebPage\",\"@id\":\"https:\/\/www.morrisonfuels.com\/fr\/pay-online\/\",\"url\":\"https:\/\/www.morrisonfuels.com\/fr\/pay-online\/\",\"name\":\"Payment Options for Morrison Fuels\",\"isPartOf\":{\"@id\":\"http:\/\/www.morrisonfuels.com\/#website\"},\"primaryImageOfPage\":{\"@id\":\"https:\/\/www.morrisonfuels.com\/fr\/pay-online\/#primaryimage\"},\"image\":{\"@id\":\"https:\/\/www.morrisonfuels.com\/fr\/pay-online\/#primaryimage\"},\"thumbnailUrl\":\"https:\/\/www.morrisonfuels.com\/wp-content\/uploads\/2013\/06\/ok.png\",\"datePublished\":\"2013-06-13T08:09:05+00:00\",\"dateModified\":\"2013-11-21T22:00:55+00:00\",\"description\":\"Morrison Fuels offers a number of ways to pay for your service\u2014simply choose the option that is most convenient for you. If you have any questions about your bill, or about our payment options, please feel free to contact us at 819-459-2337.\",\"breadcrumb\":{\"@id\":\"https:\/\/www.morrisonfuels.com\/fr\/pay-online\/#breadcrumb\"},\"inLanguage\":\"fr-FR\",\"potentialAction\":[{\"@type\":\"ReadAction\",\"target\":[\"https:\/\/www.morrisonfuels.com\/fr\/pay-online\/\"]}]},{\"@type\":\"ImageObject\",\"inLanguage\":\"fr-FR\",\"@id\":\"https:\/\/www.morrisonfuels.com\/fr\/pay-online\/#primaryimage\",\"url\":\"https:\/\/www.morrisonfuels.com\/wp-content\/uploads\/2013\/06\/ok.png\",\"contentUrl\":\"https:\/\/www.morrisonfuels.com\/wp-content\/uploads\/2013\/06\/ok.png\",\"width\":42,\"height\":37},{\"@type\":\"BreadcrumbList\",\"@id\":\"https:\/\/www.morrisonfuels.com\/fr\/pay-online\/#breadcrumb\",\"itemListElement\":[{\"@type\":\"ListItem\",\"position\":1,\"name\":\"Home\",\"item\":\"http:\/\/www.morrisonfuels.com\/\"},{\"@type\":\"ListItem\",\"position\":2,\"name\":\"Paiement en ligne\"}]},{\"@type\":\"WebSite\",\"@id\":\"http:\/\/www.morrisonfuels.com\/#website\",\"url\":\"http:\/\/www.morrisonfuels.com\/\",\"name\":\"\",\"description\":\"\",\"potentialAction\":[{\"@type\":\"SearchAction\",\"target\":{\"@type\":\"EntryPoint\",\"urlTemplate\":\"http:\/\/www.morrisonfuels.com\/?s={search_term_string}\"},\"query-input\":{\"@type\":\"PropertyValueSpecification\",\"valueRequired\":true,\"valueName\":\"search_term_string\"}}],\"inLanguage\":\"fr-FR\"}]}<\/script>\n<!-- \/ Yoast SEO plugin. -->","yoast_head_json":{"title":"Payment Options for Morrison Fuels","description":"Morrison Fuels offers a number of ways to pay for your service\u2014simply choose the option that is most convenient for you. If you have any questions about your bill, or about our payment options, please feel free to contact us at 819-459-2337.","robots":{"index":"index","follow":"follow","max-snippet":"max-snippet:-1","max-image-preview":"max-image-preview:large","max-video-preview":"max-video-preview:-1"},"canonical":"https:\/\/www.morrisonfuels.com\/fr\/pay-online\/","og_locale":"fr_FR","og_type":"article","og_title":"Payment Options for Morrison Fuels","og_description":"Morrison Fuels offers a number of ways to pay for your service\u2014simply choose the option that is most convenient for you. If you have any questions about your bill, or about our payment options, please feel free to contact us at 819-459-2337.","og_url":"https:\/\/www.morrisonfuels.com\/fr\/pay-online\/","article_modified_time":"2013-11-21T22:00:55+00:00","og_image":[{"width":42,"height":37,"url":"https:\/\/www.morrisonfuels.com\/wp-content\/uploads\/2013\/06\/ok.png","type":"image\/png"}],"twitter_misc":{"Dur\u00e9e de lecture estim\u00e9e":"3 minutes"},"schema":{"@context":"https:\/\/schema.org","@graph":[{"@type":"WebPage","@id":"https:\/\/www.morrisonfuels.com\/fr\/pay-online\/","url":"https:\/\/www.morrisonfuels.com\/fr\/pay-online\/","name":"Payment Options for Morrison Fuels","isPartOf":{"@id":"http:\/\/www.morrisonfuels.com\/#website"},"primaryImageOfPage":{"@id":"https:\/\/www.morrisonfuels.com\/fr\/pay-online\/#primaryimage"},"image":{"@id":"https:\/\/www.morrisonfuels.com\/fr\/pay-online\/#primaryimage"},"thumbnailUrl":"https:\/\/www.morrisonfuels.com\/wp-content\/uploads\/2013\/06\/ok.png","datePublished":"2013-06-13T08:09:05+00:00","dateModified":"2013-11-21T22:00:55+00:00","description":"Morrison Fuels offers a number of ways to pay for your service\u2014simply choose the option that is most convenient for you. If you have any questions about your bill, or about our payment options, please feel free to contact us at 819-459-2337.","breadcrumb":{"@id":"https:\/\/www.morrisonfuels.com\/fr\/pay-online\/#breadcrumb"},"inLanguage":"fr-FR","potentialAction":[{"@type":"ReadAction","target":["https:\/\/www.morrisonfuels.com\/fr\/pay-online\/"]}]},{"@type":"ImageObject","inLanguage":"fr-FR","@id":"https:\/\/www.morrisonfuels.com\/fr\/pay-online\/#primaryimage","url":"https:\/\/www.morrisonfuels.com\/wp-content\/uploads\/2013\/06\/ok.png","contentUrl":"https:\/\/www.morrisonfuels.com\/wp-content\/uploads\/2013\/06\/ok.png","width":42,"height":37},{"@type":"BreadcrumbList","@id":"https:\/\/www.morrisonfuels.com\/fr\/pay-online\/#breadcrumb","itemListElement":[{"@type":"ListItem","position":1,"name":"Home","item":"http:\/\/www.morrisonfuels.com\/"},{"@type":"ListItem","position":2,"name":"Paiement en ligne"}]},{"@type":"WebSite","@id":"http:\/\/www.morrisonfuels.com\/#website","url":"http:\/\/www.morrisonfuels.com\/","name":"","description":"","potentialAction":[{"@type":"SearchAction","target":{"@type":"EntryPoint","urlTemplate":"http:\/\/www.morrisonfuels.com\/?s={search_term_string}"},"query-input":{"@type":"PropertyValueSpecification","valueRequired":true,"valueName":"search_term_string"}}],"inLanguage":"fr-FR"}]}},"_links":{"self":[{"href":"https:\/\/www.morrisonfuels.com\/fr\/wp-json\/wp\/v2\/pages\/133","targetHints":{"allow":["GET"]}}],"collection":[{"href":"https:\/\/www.morrisonfuels.com\/fr\/wp-json\/wp\/v2\/pages"}],"about":[{"href":"https:\/\/www.morrisonfuels.com\/fr\/wp-json\/wp\/v2\/types\/page"}],"author":[{"embeddable":true,"href":"https:\/\/www.morrisonfuels.com\/fr\/wp-json\/wp\/v2\/users\/1"}],"replies":[{"embeddable":true,"href":"https:\/\/www.morrisonfuels.com\/fr\/wp-json\/wp\/v2\/comments?post=133"}],"version-history":[{"count":7,"href":"https:\/\/www.morrisonfuels.com\/fr\/wp-json\/wp\/v2\/pages\/133\/revisions"}],"predecessor-version":[{"id":427,"href":"https:\/\/www.morrisonfuels.com\/fr\/wp-json\/wp\/v2\/pages\/133\/revisions\/427"}],"wp:featuredmedia":[{"embeddable":true,"href":"https:\/\/www.morrisonfuels.com\/fr\/wp-json\/wp\/v2\/media\/375"}],"wp:attachment":[{"href":"https:\/\/www.morrisonfuels.com\/fr\/wp-json\/wp\/v2\/media?parent=133"}],"curies":[{"name":"wp","href":"https:\/\/api.w.org\/{rel}","templated":true}]}}