{"id":77,"date":"2013-02-03T20:00:45","date_gmt":"2013-02-03T20:00:45","guid":{"rendered":"http:\/\/localhost\/mori\/?page_id=77"},"modified":"2025-08-16T10:18:56","modified_gmt":"2025-08-16T10:18:56","slug":"heating-oil","status":"publish","type":"page","link":"https:\/\/www.morrisonfuels.com\/fr\/heating-oil\/","title":{"rendered":"Mazout De Chauffage"},"content":{"rendered":"<p>Nous livrons du mazout de chauffage \u00e0 une client\u00e8le r\u00e9sidentielle et commerciale depuis plus de 50 ans; l\u2019efficacit\u00e9 et la rapidit\u00e9 de notre service sont pour nous une source de fiert\u00e9. Nous poss\u00e9dons une flotte compl\u00e8te de v\u00e9hicules qui nous permet d\u2019assurer la livraison dans un vaste rayon \u2013 nous avons m\u00eame un v\u00e9hicule tout\u2011terrain pour effectuer la livraison dans des endroits difficiles d\u2019acc\u00e8s \u2013 et nous proposons des livraisons automatiques selon un calendrier pr\u00e9\u00e9tabli ainsi que des livraisons le jour m\u00eame ou le lendemain de la commande.<\/p>\n<p>Nous livrons deux types de mazouts\u00a0:<\/p>\n<ul>\n<li>le mazout n<sup>o<\/sup> 2, id\u00e9al pour les r\u00e9servoirs \u00e0 l\u2019int\u00e9rieur des b\u00e2timents;<\/li>\n<li>le mazout n<sup>o<\/sup> 1, qui convient aux r\u00e9servoirs d\u2019entreposage \u00e0 l\u2019ext\u00e9rieur.<\/li>\n<\/ul>","protected":false},"excerpt":{"rendered":"<p>Nous livrons du mazout de chauffage \u00e0 une client\u00e8le r\u00e9sidentielle et commerciale depuis plus de 50 ans; l\u2019efficacit\u00e9 et la rapidit\u00e9 de notre service sont pour nous une source de fiert\u00e9. Nous poss\u00e9dons une flotte compl\u00e8te de v\u00e9hicules qui nous permet d\u2019assurer la livraison dans un vaste rayon \u2013 nous avons m\u00eame un v\u00e9hicule tout\u2011terrain [&hellip;]<\/p>\n","protected":false},"author":1,"featured_media":78,"parent":0,"menu_order":0,"comment_status":"open","ping_status":"open","template":"page-fuel.php","meta":{"footnotes":""},"class_list":["post-77","page","type-page","status-publish","has-post-thumbnail","hentry"],"yoast_head":"<!-- This site is optimized with the Yoast SEO plugin v26.9 - https:\/\/yoast.com\/product\/yoast-seo-wordpress\/ -->\n<title>Heating Oil, Furnace Oil, Stove Oil, Oil Delivery, Morrison Fuels in Western Quebec, Outaouais, Wakefield, Chelsea, Gracefield, Aylmer, Luskville, Val Des Monts and more\u2026<\/title>\n<meta name=\"description\" content=\"Looking for Heating Oil, Furnace Oil or Stove Oil Delivery? Contact Morrison fuels for delivery services through the Outaouais and western Quebec region.\" \/>\n<meta name=\"robots\" content=\"index, follow, max-snippet:-1, max-image-preview:large, max-video-preview:-1\" \/>\n<link rel=\"canonical\" href=\"https:\/\/www.morrisonfuels.com\/heating-oil\/\" \/>\n<meta property=\"og:locale\" content=\"fr_FR\" \/>\n<meta property=\"og:type\" content=\"article\" \/>\n<meta property=\"og:title\" content=\"Heating Oil, Furnace Oil, Stove Oil, Oil Delivery, Morrison Fuels in Western Quebec, Outaouais, Wakefield, Chelsea, Gracefield, Aylmer, Luskville, Val Des Monts and more\u2026\" \/>\n<meta property=\"og:description\" content=\"Looking for Heating Oil, Furnace Oil or Stove Oil Delivery? Contact Morrison fuels for delivery services through the Outaouais and western Quebec region.\" \/>\n<meta property=\"og:url\" content=\"https:\/\/www.morrisonfuels.com\/heating-oil\/\" \/>\n<meta property=\"article:modified_time\" content=\"2025-08-16T10:18:56+00:00\" \/>\n<meta property=\"og:image\" content=\"https:\/\/www.morrisonfuels.com\/wp-content\/uploads\/2013\/02\/heat_oil.png\" \/>\n\t<meta property=\"og:image:width\" content=\"28\" \/>\n\t<meta property=\"og:image:height\" content=\"38\" \/>\n\t<meta property=\"og:image:type\" content=\"image\/png\" \/>\n<meta name=\"twitter:label1\" content=\"Dur\u00e9e de lecture estim\u00e9e\" \/>\n\t<meta name=\"twitter:data1\" content=\"1 minute\" \/>\n<script type=\"application\/ld+json\" class=\"yoast-schema-graph\">{\"@context\":\"https:\/\/schema.org\",\"@graph\":[{\"@type\":\"WebPage\",\"@id\":\"https:\/\/www.morrisonfuels.com\/heating-oil\/\",\"url\":\"https:\/\/www.morrisonfuels.com\/heating-oil\/\",\"name\":\"Heating Oil, Furnace Oil, Stove Oil, Oil Delivery, Morrison Fuels in Western Quebec, Outaouais, Wakefield, Chelsea, Gracefield, Aylmer, Luskville, Val Des Monts and more\u2026\",\"isPartOf\":{\"@id\":\"http:\/\/www.morrisonfuels.com\/#website\"},\"primaryImageOfPage\":{\"@id\":\"https:\/\/www.morrisonfuels.com\/heating-oil\/#primaryimage\"},\"image\":{\"@id\":\"https:\/\/www.morrisonfuels.com\/heating-oil\/#primaryimage\"},\"thumbnailUrl\":\"https:\/\/www.morrisonfuels.com\/wp-content\/uploads\/2013\/02\/heat_oil.png\",\"datePublished\":\"2013-02-03T20:00:45+00:00\",\"dateModified\":\"2025-08-16T10:18:56+00:00\",\"description\":\"Looking for Heating Oil, Furnace Oil or Stove Oil Delivery? Contact Morrison fuels for delivery services through the Outaouais and western Quebec region.\",\"breadcrumb\":{\"@id\":\"https:\/\/www.morrisonfuels.com\/heating-oil\/#breadcrumb\"},\"inLanguage\":\"fr-FR\",\"potentialAction\":[{\"@type\":\"ReadAction\",\"target\":[\"https:\/\/www.morrisonfuels.com\/heating-oil\/\"]}]},{\"@type\":\"ImageObject\",\"inLanguage\":\"fr-FR\",\"@id\":\"https:\/\/www.morrisonfuels.com\/heating-oil\/#primaryimage\",\"url\":\"https:\/\/www.morrisonfuels.com\/wp-content\/uploads\/2013\/02\/heat_oil.png\",\"contentUrl\":\"https:\/\/www.morrisonfuels.com\/wp-content\/uploads\/2013\/02\/heat_oil.png\",\"width\":28,\"height\":38},{\"@type\":\"BreadcrumbList\",\"@id\":\"https:\/\/www.morrisonfuels.com\/heating-oil\/#breadcrumb\",\"itemListElement\":[{\"@type\":\"ListItem\",\"position\":1,\"name\":\"Home\",\"item\":\"http:\/\/www.morrisonfuels.com\/\"},{\"@type\":\"ListItem\",\"position\":2,\"name\":\"Heating Oil\"}]},{\"@type\":\"WebSite\",\"@id\":\"http:\/\/www.morrisonfuels.com\/#website\",\"url\":\"http:\/\/www.morrisonfuels.com\/\",\"name\":\"\",\"description\":\"\",\"potentialAction\":[{\"@type\":\"SearchAction\",\"target\":{\"@type\":\"EntryPoint\",\"urlTemplate\":\"http:\/\/www.morrisonfuels.com\/?s={search_term_string}\"},\"query-input\":{\"@type\":\"PropertyValueSpecification\",\"valueRequired\":true,\"valueName\":\"search_term_string\"}}],\"inLanguage\":\"fr-FR\"}]}<\/script>\n<!-- \/ Yoast SEO plugin. -->","yoast_head_json":{"title":"Heating Oil, Furnace Oil, Stove Oil, Oil Delivery, Morrison Fuels in Western Quebec, Outaouais, Wakefield, Chelsea, Gracefield, Aylmer, Luskville, Val Des Monts and more\u2026","description":"Looking for Heating Oil, Furnace Oil or Stove Oil Delivery? Contact Morrison fuels for delivery services through the Outaouais and western Quebec region.","robots":{"index":"index","follow":"follow","max-snippet":"max-snippet:-1","max-image-preview":"max-image-preview:large","max-video-preview":"max-video-preview:-1"},"canonical":"https:\/\/www.morrisonfuels.com\/heating-oil\/","og_locale":"fr_FR","og_type":"article","og_title":"Heating Oil, Furnace Oil, Stove Oil, Oil Delivery, Morrison Fuels in Western Quebec, Outaouais, Wakefield, Chelsea, Gracefield, Aylmer, Luskville, Val Des Monts and more\u2026","og_description":"Looking for Heating Oil, Furnace Oil or Stove Oil Delivery? Contact Morrison fuels for delivery services through the Outaouais and western Quebec region.","og_url":"https:\/\/www.morrisonfuels.com\/heating-oil\/","article_modified_time":"2025-08-16T10:18:56+00:00","og_image":[{"width":28,"height":38,"url":"https:\/\/www.morrisonfuels.com\/wp-content\/uploads\/2013\/02\/heat_oil.png","type":"image\/png"}],"twitter_misc":{"Dur\u00e9e de lecture estim\u00e9e":"1 minute"},"schema":{"@context":"https:\/\/schema.org","@graph":[{"@type":"WebPage","@id":"https:\/\/www.morrisonfuels.com\/heating-oil\/","url":"https:\/\/www.morrisonfuels.com\/heating-oil\/","name":"Heating Oil, Furnace Oil, Stove Oil, Oil Delivery, Morrison Fuels in Western Quebec, Outaouais, Wakefield, Chelsea, Gracefield, Aylmer, Luskville, Val Des Monts and more\u2026","isPartOf":{"@id":"http:\/\/www.morrisonfuels.com\/#website"},"primaryImageOfPage":{"@id":"https:\/\/www.morrisonfuels.com\/heating-oil\/#primaryimage"},"image":{"@id":"https:\/\/www.morrisonfuels.com\/heating-oil\/#primaryimage"},"thumbnailUrl":"https:\/\/www.morrisonfuels.com\/wp-content\/uploads\/2013\/02\/heat_oil.png","datePublished":"2013-02-03T20:00:45+00:00","dateModified":"2025-08-16T10:18:56+00:00","description":"Looking for Heating Oil, Furnace Oil or Stove Oil Delivery? Contact Morrison fuels for delivery services through the Outaouais and western Quebec region.","breadcrumb":{"@id":"https:\/\/www.morrisonfuels.com\/heating-oil\/#breadcrumb"},"inLanguage":"fr-FR","potentialAction":[{"@type":"ReadAction","target":["https:\/\/www.morrisonfuels.com\/heating-oil\/"]}]},{"@type":"ImageObject","inLanguage":"fr-FR","@id":"https:\/\/www.morrisonfuels.com\/heating-oil\/#primaryimage","url":"https:\/\/www.morrisonfuels.com\/wp-content\/uploads\/2013\/02\/heat_oil.png","contentUrl":"https:\/\/www.morrisonfuels.com\/wp-content\/uploads\/2013\/02\/heat_oil.png","width":28,"height":38},{"@type":"BreadcrumbList","@id":"https:\/\/www.morrisonfuels.com\/heating-oil\/#breadcrumb","itemListElement":[{"@type":"ListItem","position":1,"name":"Home","item":"http:\/\/www.morrisonfuels.com\/"},{"@type":"ListItem","position":2,"name":"Heating Oil"}]},{"@type":"WebSite","@id":"http:\/\/www.morrisonfuels.com\/#website","url":"http:\/\/www.morrisonfuels.com\/","name":"","description":"","potentialAction":[{"@type":"SearchAction","target":{"@type":"EntryPoint","urlTemplate":"http:\/\/www.morrisonfuels.com\/?s={search_term_string}"},"query-input":{"@type":"PropertyValueSpecification","valueRequired":true,"valueName":"search_term_string"}}],"inLanguage":"fr-FR"}]}},"_links":{"self":[{"href":"https:\/\/www.morrisonfuels.com\/fr\/wp-json\/wp\/v2\/pages\/77","targetHints":{"allow":["GET"]}}],"collection":[{"href":"https:\/\/www.morrisonfuels.com\/fr\/wp-json\/wp\/v2\/pages"}],"about":[{"href":"https:\/\/www.morrisonfuels.com\/fr\/wp-json\/wp\/v2\/types\/page"}],"author":[{"embeddable":true,"href":"https:\/\/www.morrisonfuels.com\/fr\/wp-json\/wp\/v2\/users\/1"}],"replies":[{"embeddable":true,"href":"https:\/\/www.morrisonfuels.com\/fr\/wp-json\/wp\/v2\/comments?post=77"}],"version-history":[{"count":11,"href":"https:\/\/www.morrisonfuels.com\/fr\/wp-json\/wp\/v2\/pages\/77\/revisions"}],"predecessor-version":[{"id":469,"href":"https:\/\/www.morrisonfuels.com\/fr\/wp-json\/wp\/v2\/pages\/77\/revisions\/469"}],"wp:featuredmedia":[{"embeddable":true,"href":"https:\/\/www.morrisonfuels.com\/fr\/wp-json\/wp\/v2\/media\/78"}],"wp:attachment":[{"href":"https:\/\/www.morrisonfuels.com\/fr\/wp-json\/wp\/v2\/media?parent=77"}],"curies":[{"name":"wp","href":"https:\/\/api.w.org\/{rel}","templated":true}]}}