{"id":85,"date":"2013-02-03T21:01:57","date_gmt":"2013-02-03T21:01:57","guid":{"rendered":"http:\/\/localhost\/mori\/?page_id=85"},"modified":"2021-02-19T15:35:08","modified_gmt":"2021-02-19T15:35:08","slug":"propane","status":"publish","type":"page","link":"https:\/\/www.morrisonfuels.com\/fr\/propane\/","title":{"rendered":"Propane"},"content":{"rendered":"<p>Si vous voulez une livraison de propane, nous vous proposons divers types de livraisons modulables (dont la livraison automatique et des forfaits sur mesure en fonction d\u2019un budget d\u00e9termin\u00e9, de m\u00eame que la livraison le jour m\u00eame ou le lendemain de la commande). Le propane est un combustible efficace, qui br\u00fble sans r\u00e9sidu; il convient parfaitement aux climats froids. En plus de la livraison r\u00e9sidentielle et commerciale, nous offrons un service de location de r\u00e9servoirs.<\/p>\n<p>*Veuillez noter que Morrison Fuels n\u2019offre pas le service de remplissage des r\u00e9servoirs \u00e0 ses installations (seul le service de livraison du propane est offert).<\/p>","protected":false},"excerpt":{"rendered":"<p>Si vous voulez une livraison de propane, nous vous proposons divers types de livraisons modulables (dont la livraison automatique et des forfaits sur mesure en fonction d\u2019un budget d\u00e9termin\u00e9, de m\u00eame que la livraison le jour m\u00eame ou le lendemain de la commande). Le propane est un combustible efficace, qui br\u00fble sans r\u00e9sidu; il convient [&hellip;]<\/p>\n","protected":false},"author":1,"featured_media":86,"parent":0,"menu_order":0,"comment_status":"open","ping_status":"open","template":"page-fuel.php","meta":{"footnotes":""},"class_list":["post-85","page","type-page","status-publish","has-post-thumbnail","hentry"],"yoast_head":"<!-- This site is optimized with the Yoast SEO plugin v26.9 - https:\/\/yoast.com\/product\/yoast-seo-wordpress\/ -->\n<title>Propane, Propane Delivery, Home Propane, Propane Heating, Propane Services in Western Quebec, Outaouais, Wakefield, Chelsea, Gracefield, Aylmer, Luskville, Val Des Monts and more\u2026<\/title>\n<meta name=\"description\" content=\"Looking for Propane delivery, propane heating and propane for your home? Contact Morrison Fuels servicing western Quebec, Outaouais, Wakefield, Chelsea, Gracefield, Aylmer, Luskville, Val Des Monts and more\u2026\" \/>\n<meta name=\"robots\" content=\"index, follow, max-snippet:-1, max-image-preview:large, max-video-preview:-1\" \/>\n<link rel=\"canonical\" href=\"https:\/\/www.morrisonfuels.com\/propane\/\" \/>\n<meta property=\"og:locale\" content=\"fr_FR\" \/>\n<meta property=\"og:type\" content=\"article\" \/>\n<meta property=\"og:title\" content=\"Propane, Propane Delivery, Home Propane, Propane Heating, Propane Services in Western Quebec, Outaouais, Wakefield, Chelsea, Gracefield, Aylmer, Luskville, Val Des Monts and more\u2026\" \/>\n<meta property=\"og:description\" content=\"Looking for Propane delivery, propane heating and propane for your home? Contact Morrison Fuels servicing western Quebec, Outaouais, Wakefield, Chelsea, Gracefield, Aylmer, Luskville, Val Des Monts and more\u2026\" \/>\n<meta property=\"og:url\" content=\"https:\/\/www.morrisonfuels.com\/propane\/\" \/>\n<meta property=\"article:modified_time\" content=\"2021-02-19T15:35:08+00:00\" \/>\n<meta property=\"og:image\" content=\"https:\/\/www.morrisonfuels.com\/wp-content\/uploads\/2013\/02\/propane1.png\" \/>\n\t<meta property=\"og:image:width\" content=\"27\" \/>\n\t<meta property=\"og:image:height\" content=\"37\" \/>\n\t<meta property=\"og:image:type\" content=\"image\/png\" \/>\n<meta name=\"twitter:label1\" content=\"Dur\u00e9e de lecture estim\u00e9e\" \/>\n\t<meta name=\"twitter:data1\" content=\"1 minute\" \/>\n<script type=\"application\/ld+json\" class=\"yoast-schema-graph\">{\"@context\":\"https:\/\/schema.org\",\"@graph\":[{\"@type\":\"WebPage\",\"@id\":\"https:\/\/www.morrisonfuels.com\/propane\/\",\"url\":\"https:\/\/www.morrisonfuels.com\/propane\/\",\"name\":\"Propane, Propane Delivery, Home Propane, Propane Heating, Propane Services in Western Quebec, Outaouais, Wakefield, Chelsea, Gracefield, Aylmer, Luskville, Val Des Monts and more\u2026\",\"isPartOf\":{\"@id\":\"http:\/\/www.morrisonfuels.com\/#website\"},\"primaryImageOfPage\":{\"@id\":\"https:\/\/www.morrisonfuels.com\/propane\/#primaryimage\"},\"image\":{\"@id\":\"https:\/\/www.morrisonfuels.com\/propane\/#primaryimage\"},\"thumbnailUrl\":\"https:\/\/www.morrisonfuels.com\/wp-content\/uploads\/2013\/02\/propane1.png\",\"datePublished\":\"2013-02-03T21:01:57+00:00\",\"dateModified\":\"2021-02-19T15:35:08+00:00\",\"description\":\"Looking for Propane delivery, propane heating and propane for your home? Contact Morrison Fuels servicing western Quebec, Outaouais, Wakefield, Chelsea, Gracefield, Aylmer, Luskville, Val Des Monts and more\u2026\",\"breadcrumb\":{\"@id\":\"https:\/\/www.morrisonfuels.com\/propane\/#breadcrumb\"},\"inLanguage\":\"fr-FR\",\"potentialAction\":[{\"@type\":\"ReadAction\",\"target\":[\"https:\/\/www.morrisonfuels.com\/propane\/\"]}]},{\"@type\":\"ImageObject\",\"inLanguage\":\"fr-FR\",\"@id\":\"https:\/\/www.morrisonfuels.com\/propane\/#primaryimage\",\"url\":\"https:\/\/www.morrisonfuels.com\/wp-content\/uploads\/2013\/02\/propane1.png\",\"contentUrl\":\"https:\/\/www.morrisonfuels.com\/wp-content\/uploads\/2013\/02\/propane1.png\",\"width\":27,\"height\":37},{\"@type\":\"BreadcrumbList\",\"@id\":\"https:\/\/www.morrisonfuels.com\/propane\/#breadcrumb\",\"itemListElement\":[{\"@type\":\"ListItem\",\"position\":1,\"name\":\"Home\",\"item\":\"http:\/\/www.morrisonfuels.com\/\"},{\"@type\":\"ListItem\",\"position\":2,\"name\":\"Propane\"}]},{\"@type\":\"WebSite\",\"@id\":\"http:\/\/www.morrisonfuels.com\/#website\",\"url\":\"http:\/\/www.morrisonfuels.com\/\",\"name\":\"\",\"description\":\"\",\"potentialAction\":[{\"@type\":\"SearchAction\",\"target\":{\"@type\":\"EntryPoint\",\"urlTemplate\":\"http:\/\/www.morrisonfuels.com\/?s={search_term_string}\"},\"query-input\":{\"@type\":\"PropertyValueSpecification\",\"valueRequired\":true,\"valueName\":\"search_term_string\"}}],\"inLanguage\":\"fr-FR\"}]}<\/script>\n<!-- \/ Yoast SEO plugin. -->","yoast_head_json":{"title":"Propane, Propane Delivery, Home Propane, Propane Heating, Propane Services in Western Quebec, Outaouais, Wakefield, Chelsea, Gracefield, Aylmer, Luskville, Val Des Monts and more\u2026","description":"Looking for Propane delivery, propane heating and propane for your home? Contact Morrison Fuels servicing western Quebec, Outaouais, Wakefield, Chelsea, Gracefield, Aylmer, Luskville, Val Des Monts and more\u2026","robots":{"index":"index","follow":"follow","max-snippet":"max-snippet:-1","max-image-preview":"max-image-preview:large","max-video-preview":"max-video-preview:-1"},"canonical":"https:\/\/www.morrisonfuels.com\/propane\/","og_locale":"fr_FR","og_type":"article","og_title":"Propane, Propane Delivery, Home Propane, Propane Heating, Propane Services in Western Quebec, Outaouais, Wakefield, Chelsea, Gracefield, Aylmer, Luskville, Val Des Monts and more\u2026","og_description":"Looking for Propane delivery, propane heating and propane for your home? Contact Morrison Fuels servicing western Quebec, Outaouais, Wakefield, Chelsea, Gracefield, Aylmer, Luskville, Val Des Monts and more\u2026","og_url":"https:\/\/www.morrisonfuels.com\/propane\/","article_modified_time":"2021-02-19T15:35:08+00:00","og_image":[{"width":27,"height":37,"url":"https:\/\/www.morrisonfuels.com\/wp-content\/uploads\/2013\/02\/propane1.png","type":"image\/png"}],"twitter_misc":{"Dur\u00e9e de lecture estim\u00e9e":"1 minute"},"schema":{"@context":"https:\/\/schema.org","@graph":[{"@type":"WebPage","@id":"https:\/\/www.morrisonfuels.com\/propane\/","url":"https:\/\/www.morrisonfuels.com\/propane\/","name":"Propane, Propane Delivery, Home Propane, Propane Heating, Propane Services in Western Quebec, Outaouais, Wakefield, Chelsea, Gracefield, Aylmer, Luskville, Val Des Monts and more\u2026","isPartOf":{"@id":"http:\/\/www.morrisonfuels.com\/#website"},"primaryImageOfPage":{"@id":"https:\/\/www.morrisonfuels.com\/propane\/#primaryimage"},"image":{"@id":"https:\/\/www.morrisonfuels.com\/propane\/#primaryimage"},"thumbnailUrl":"https:\/\/www.morrisonfuels.com\/wp-content\/uploads\/2013\/02\/propane1.png","datePublished":"2013-02-03T21:01:57+00:00","dateModified":"2021-02-19T15:35:08+00:00","description":"Looking for Propane delivery, propane heating and propane for your home? Contact Morrison Fuels servicing western Quebec, Outaouais, Wakefield, Chelsea, Gracefield, Aylmer, Luskville, Val Des Monts and more\u2026","breadcrumb":{"@id":"https:\/\/www.morrisonfuels.com\/propane\/#breadcrumb"},"inLanguage":"fr-FR","potentialAction":[{"@type":"ReadAction","target":["https:\/\/www.morrisonfuels.com\/propane\/"]}]},{"@type":"ImageObject","inLanguage":"fr-FR","@id":"https:\/\/www.morrisonfuels.com\/propane\/#primaryimage","url":"https:\/\/www.morrisonfuels.com\/wp-content\/uploads\/2013\/02\/propane1.png","contentUrl":"https:\/\/www.morrisonfuels.com\/wp-content\/uploads\/2013\/02\/propane1.png","width":27,"height":37},{"@type":"BreadcrumbList","@id":"https:\/\/www.morrisonfuels.com\/propane\/#breadcrumb","itemListElement":[{"@type":"ListItem","position":1,"name":"Home","item":"http:\/\/www.morrisonfuels.com\/"},{"@type":"ListItem","position":2,"name":"Propane"}]},{"@type":"WebSite","@id":"http:\/\/www.morrisonfuels.com\/#website","url":"http:\/\/www.morrisonfuels.com\/","name":"","description":"","potentialAction":[{"@type":"SearchAction","target":{"@type":"EntryPoint","urlTemplate":"http:\/\/www.morrisonfuels.com\/?s={search_term_string}"},"query-input":{"@type":"PropertyValueSpecification","valueRequired":true,"valueName":"search_term_string"}}],"inLanguage":"fr-FR"}]}},"_links":{"self":[{"href":"https:\/\/www.morrisonfuels.com\/fr\/wp-json\/wp\/v2\/pages\/85","targetHints":{"allow":["GET"]}}],"collection":[{"href":"https:\/\/www.morrisonfuels.com\/fr\/wp-json\/wp\/v2\/pages"}],"about":[{"href":"https:\/\/www.morrisonfuels.com\/fr\/wp-json\/wp\/v2\/types\/page"}],"author":[{"embeddable":true,"href":"https:\/\/www.morrisonfuels.com\/fr\/wp-json\/wp\/v2\/users\/1"}],"replies":[{"embeddable":true,"href":"https:\/\/www.morrisonfuels.com\/fr\/wp-json\/wp\/v2\/comments?post=85"}],"version-history":[{"count":6,"href":"https:\/\/www.morrisonfuels.com\/fr\/wp-json\/wp\/v2\/pages\/85\/revisions"}],"predecessor-version":[{"id":453,"href":"https:\/\/www.morrisonfuels.com\/fr\/wp-json\/wp\/v2\/pages\/85\/revisions\/453"}],"wp:featuredmedia":[{"embeddable":true,"href":"https:\/\/www.morrisonfuels.com\/fr\/wp-json\/wp\/v2\/media\/86"}],"wp:attachment":[{"href":"https:\/\/www.morrisonfuels.com\/fr\/wp-json\/wp\/v2\/media?parent=85"}],"curies":[{"name":"wp","href":"https:\/\/api.w.org\/{rel}","templated":true}]}}