{"id":91,"date":"2013-02-03T21:03:03","date_gmt":"2013-02-03T21:03:03","guid":{"rendered":"http:\/\/localhost\/mori\/?page_id=91"},"modified":"2016-11-21T18:33:27","modified_gmt":"2016-11-21T18:33:27","slug":"diesel","status":"publish","type":"page","link":"https:\/\/www.morrisonfuels.com\/fr\/diesel\/","title":{"rendered":"Diesel"},"content":{"rendered":"<p>Nous offrons un service de livraison de diesel simple et sans tracas \u00e0 notre client\u00e8le r\u00e9sidentielle, commerciale et agricole. Il est possible d\u2019acheter le diesel sur place, aux installations de Morrison Fuels, ou de se le faire livrer (nous proposons des livraisons automatiques selon un calendrier pr\u00e9\u00e9tabli ainsi que le service le jour m\u00eame ou le lendemain de la commande).<\/p>\n<p>Vous pouvez choisir celui qui vous convient parmi divers types de diesel :<\/p>\n<ul>\n<li>le diesel d\u2019\u00e9t\u00e9 (pour le transport routier), qui est translucide et adapt\u00e9 au \u00a0\u00a0\u00a0\u00a0 temps chaud;<\/li>\n<li>le diesel d\u2019hiver (pour le transport routier), qui est translucide et adapt\u00e9 au temps chaud;<\/li>\n<\/ul>\n<p>le diesel agricole (usage interdit pour le transport routier), qui est rouge; il ne peut \u00eatre obtenu que sur pr\u00e9sentation d\u2019un permis autorisant son usage \u00e0 des fins agricoles.<\/p>","protected":false},"excerpt":{"rendered":"<p>Nous offrons un service de livraison de diesel simple et sans tracas \u00e0 notre client\u00e8le r\u00e9sidentielle, commerciale et agricole. Il est possible d\u2019acheter le diesel sur place, aux installations de Morrison Fuels, ou de se le faire livrer (nous proposons des livraisons automatiques selon un calendrier pr\u00e9\u00e9tabli ainsi que le service le jour m\u00eame ou [&hellip;]<\/p>\n","protected":false},"author":1,"featured_media":87,"parent":0,"menu_order":0,"comment_status":"open","ping_status":"open","template":"page-fuel.php","meta":{"footnotes":""},"class_list":["post-91","page","type-page","status-publish","has-post-thumbnail","hentry"],"yoast_head":"<!-- This site is optimized with the Yoast SEO plugin v26.9 - https:\/\/yoast.com\/product\/yoast-seo-wordpress\/ -->\n<title>Diesel Fuel, Commercial Diesel Sales, Diesel Delivery Morrison Fuels, Servicing Western Quebec, Outaouais, Wakefield, Chelsea, Gracefield, Aylmer, Luskville, Val Des Monts and more\u2026<\/title>\n<meta name=\"description\" content=\"Looking for Diesel Fuel, Commercial Diesel Sales, Diesel Delivery Services. Call Morrison Fuels - Now Servicing Western Quebec, Outaouais, Wakefield, Chelsea, Gracefield, Aylmer, Luskville, Val Des Monts and more\u2026\" \/>\n<meta name=\"robots\" content=\"index, follow, max-snippet:-1, max-image-preview:large, max-video-preview:-1\" \/>\n<link rel=\"canonical\" href=\"https:\/\/www.morrisonfuels.com\/diesel\/\" \/>\n<meta property=\"og:locale\" content=\"fr_FR\" \/>\n<meta property=\"og:type\" content=\"article\" \/>\n<meta property=\"og:title\" content=\"Diesel Fuel, Commercial Diesel Sales, Diesel Delivery Morrison Fuels, Servicing Western Quebec, Outaouais, Wakefield, Chelsea, Gracefield, Aylmer, Luskville, Val Des Monts and more\u2026\" \/>\n<meta property=\"og:description\" content=\"Looking for Diesel Fuel, Commercial Diesel Sales, Diesel Delivery Services. Call Morrison Fuels - Now Servicing Western Quebec, Outaouais, Wakefield, Chelsea, Gracefield, Aylmer, Luskville, Val Des Monts and more\u2026\" \/>\n<meta property=\"og:url\" content=\"https:\/\/www.morrisonfuels.com\/diesel\/\" \/>\n<meta property=\"article:modified_time\" content=\"2016-11-21T18:33:27+00:00\" \/>\n<meta property=\"og:image\" content=\"https:\/\/www.morrisonfuels.com\/wp-content\/uploads\/2013\/02\/diesal.png\" \/>\n\t<meta property=\"og:image:width\" content=\"37\" \/>\n\t<meta property=\"og:image:height\" content=\"35\" \/>\n\t<meta property=\"og:image:type\" content=\"image\/png\" \/>\n<meta name=\"twitter:label1\" content=\"Dur\u00e9e de lecture estim\u00e9e\" \/>\n\t<meta name=\"twitter:data1\" content=\"1 minute\" \/>\n<script type=\"application\/ld+json\" class=\"yoast-schema-graph\">{\"@context\":\"https:\/\/schema.org\",\"@graph\":[{\"@type\":\"WebPage\",\"@id\":\"https:\/\/www.morrisonfuels.com\/diesel\/\",\"url\":\"https:\/\/www.morrisonfuels.com\/diesel\/\",\"name\":\"Diesel Fuel, Commercial Diesel Sales, Diesel Delivery Morrison Fuels, Servicing Western Quebec, Outaouais, Wakefield, Chelsea, Gracefield, Aylmer, Luskville, Val Des Monts and more\u2026\",\"isPartOf\":{\"@id\":\"http:\/\/www.morrisonfuels.com\/#website\"},\"primaryImageOfPage\":{\"@id\":\"https:\/\/www.morrisonfuels.com\/diesel\/#primaryimage\"},\"image\":{\"@id\":\"https:\/\/www.morrisonfuels.com\/diesel\/#primaryimage\"},\"thumbnailUrl\":\"https:\/\/www.morrisonfuels.com\/wp-content\/uploads\/2013\/02\/diesal.png\",\"datePublished\":\"2013-02-03T21:03:03+00:00\",\"dateModified\":\"2016-11-21T18:33:27+00:00\",\"description\":\"Looking for Diesel Fuel, Commercial Diesel Sales, Diesel Delivery Services. Call Morrison Fuels - Now Servicing Western Quebec, Outaouais, Wakefield, Chelsea, Gracefield, Aylmer, Luskville, Val Des Monts and more\u2026\",\"breadcrumb\":{\"@id\":\"https:\/\/www.morrisonfuels.com\/diesel\/#breadcrumb\"},\"inLanguage\":\"fr-FR\",\"potentialAction\":[{\"@type\":\"ReadAction\",\"target\":[\"https:\/\/www.morrisonfuels.com\/diesel\/\"]}]},{\"@type\":\"ImageObject\",\"inLanguage\":\"fr-FR\",\"@id\":\"https:\/\/www.morrisonfuels.com\/diesel\/#primaryimage\",\"url\":\"https:\/\/www.morrisonfuels.com\/wp-content\/uploads\/2013\/02\/diesal.png\",\"contentUrl\":\"https:\/\/www.morrisonfuels.com\/wp-content\/uploads\/2013\/02\/diesal.png\",\"width\":37,\"height\":35},{\"@type\":\"BreadcrumbList\",\"@id\":\"https:\/\/www.morrisonfuels.com\/diesel\/#breadcrumb\",\"itemListElement\":[{\"@type\":\"ListItem\",\"position\":1,\"name\":\"Home\",\"item\":\"http:\/\/www.morrisonfuels.com\/\"},{\"@type\":\"ListItem\",\"position\":2,\"name\":\"Diesel\"}]},{\"@type\":\"WebSite\",\"@id\":\"http:\/\/www.morrisonfuels.com\/#website\",\"url\":\"http:\/\/www.morrisonfuels.com\/\",\"name\":\"\",\"description\":\"\",\"potentialAction\":[{\"@type\":\"SearchAction\",\"target\":{\"@type\":\"EntryPoint\",\"urlTemplate\":\"http:\/\/www.morrisonfuels.com\/?s={search_term_string}\"},\"query-input\":{\"@type\":\"PropertyValueSpecification\",\"valueRequired\":true,\"valueName\":\"search_term_string\"}}],\"inLanguage\":\"fr-FR\"}]}<\/script>\n<!-- \/ Yoast SEO plugin. -->","yoast_head_json":{"title":"Diesel Fuel, Commercial Diesel Sales, Diesel Delivery Morrison Fuels, Servicing Western Quebec, Outaouais, Wakefield, Chelsea, Gracefield, Aylmer, Luskville, Val Des Monts and more\u2026","description":"Looking for Diesel Fuel, Commercial Diesel Sales, Diesel Delivery Services. Call Morrison Fuels - Now Servicing Western Quebec, Outaouais, Wakefield, Chelsea, Gracefield, Aylmer, Luskville, Val Des Monts and more\u2026","robots":{"index":"index","follow":"follow","max-snippet":"max-snippet:-1","max-image-preview":"max-image-preview:large","max-video-preview":"max-video-preview:-1"},"canonical":"https:\/\/www.morrisonfuels.com\/diesel\/","og_locale":"fr_FR","og_type":"article","og_title":"Diesel Fuel, Commercial Diesel Sales, Diesel Delivery Morrison Fuels, Servicing Western Quebec, Outaouais, Wakefield, Chelsea, Gracefield, Aylmer, Luskville, Val Des Monts and more\u2026","og_description":"Looking for Diesel Fuel, Commercial Diesel Sales, Diesel Delivery Services. Call Morrison Fuels - Now Servicing Western Quebec, Outaouais, Wakefield, Chelsea, Gracefield, Aylmer, Luskville, Val Des Monts and more\u2026","og_url":"https:\/\/www.morrisonfuels.com\/diesel\/","article_modified_time":"2016-11-21T18:33:27+00:00","og_image":[{"width":37,"height":35,"url":"https:\/\/www.morrisonfuels.com\/wp-content\/uploads\/2013\/02\/diesal.png","type":"image\/png"}],"twitter_misc":{"Dur\u00e9e de lecture estim\u00e9e":"1 minute"},"schema":{"@context":"https:\/\/schema.org","@graph":[{"@type":"WebPage","@id":"https:\/\/www.morrisonfuels.com\/diesel\/","url":"https:\/\/www.morrisonfuels.com\/diesel\/","name":"Diesel Fuel, Commercial Diesel Sales, Diesel Delivery Morrison Fuels, Servicing Western Quebec, Outaouais, Wakefield, Chelsea, Gracefield, Aylmer, Luskville, Val Des Monts and more\u2026","isPartOf":{"@id":"http:\/\/www.morrisonfuels.com\/#website"},"primaryImageOfPage":{"@id":"https:\/\/www.morrisonfuels.com\/diesel\/#primaryimage"},"image":{"@id":"https:\/\/www.morrisonfuels.com\/diesel\/#primaryimage"},"thumbnailUrl":"https:\/\/www.morrisonfuels.com\/wp-content\/uploads\/2013\/02\/diesal.png","datePublished":"2013-02-03T21:03:03+00:00","dateModified":"2016-11-21T18:33:27+00:00","description":"Looking for Diesel Fuel, Commercial Diesel Sales, Diesel Delivery Services. Call Morrison Fuels - Now Servicing Western Quebec, Outaouais, Wakefield, Chelsea, Gracefield, Aylmer, Luskville, Val Des Monts and more\u2026","breadcrumb":{"@id":"https:\/\/www.morrisonfuels.com\/diesel\/#breadcrumb"},"inLanguage":"fr-FR","potentialAction":[{"@type":"ReadAction","target":["https:\/\/www.morrisonfuels.com\/diesel\/"]}]},{"@type":"ImageObject","inLanguage":"fr-FR","@id":"https:\/\/www.morrisonfuels.com\/diesel\/#primaryimage","url":"https:\/\/www.morrisonfuels.com\/wp-content\/uploads\/2013\/02\/diesal.png","contentUrl":"https:\/\/www.morrisonfuels.com\/wp-content\/uploads\/2013\/02\/diesal.png","width":37,"height":35},{"@type":"BreadcrumbList","@id":"https:\/\/www.morrisonfuels.com\/diesel\/#breadcrumb","itemListElement":[{"@type":"ListItem","position":1,"name":"Home","item":"http:\/\/www.morrisonfuels.com\/"},{"@type":"ListItem","position":2,"name":"Diesel"}]},{"@type":"WebSite","@id":"http:\/\/www.morrisonfuels.com\/#website","url":"http:\/\/www.morrisonfuels.com\/","name":"","description":"","potentialAction":[{"@type":"SearchAction","target":{"@type":"EntryPoint","urlTemplate":"http:\/\/www.morrisonfuels.com\/?s={search_term_string}"},"query-input":{"@type":"PropertyValueSpecification","valueRequired":true,"valueName":"search_term_string"}}],"inLanguage":"fr-FR"}]}},"_links":{"self":[{"href":"https:\/\/www.morrisonfuels.com\/fr\/wp-json\/wp\/v2\/pages\/91","targetHints":{"allow":["GET"]}}],"collection":[{"href":"https:\/\/www.morrisonfuels.com\/fr\/wp-json\/wp\/v2\/pages"}],"about":[{"href":"https:\/\/www.morrisonfuels.com\/fr\/wp-json\/wp\/v2\/types\/page"}],"author":[{"embeddable":true,"href":"https:\/\/www.morrisonfuels.com\/fr\/wp-json\/wp\/v2\/users\/1"}],"replies":[{"embeddable":true,"href":"https:\/\/www.morrisonfuels.com\/fr\/wp-json\/wp\/v2\/comments?post=91"}],"version-history":[{"count":7,"href":"https:\/\/www.morrisonfuels.com\/fr\/wp-json\/wp\/v2\/pages\/91\/revisions"}],"predecessor-version":[{"id":431,"href":"https:\/\/www.morrisonfuels.com\/fr\/wp-json\/wp\/v2\/pages\/91\/revisions\/431"}],"wp:featuredmedia":[{"embeddable":true,"href":"https:\/\/www.morrisonfuels.com\/fr\/wp-json\/wp\/v2\/media\/87"}],"wp:attachment":[{"href":"https:\/\/www.morrisonfuels.com\/fr\/wp-json\/wp\/v2\/media?parent=91"}],"curies":[{"name":"wp","href":"https:\/\/api.w.org\/{rel}","templated":true}]}}