{"id":93,"date":"2013-02-03T21:03:36","date_gmt":"2013-02-03T21:03:36","guid":{"rendered":"http:\/\/localhost\/mori\/?page_id=93"},"modified":"2013-11-21T17:23:35","modified_gmt":"2013-11-21T17:23:35","slug":"gasoline","status":"publish","type":"page","link":"https:\/\/www.morrisonfuels.com\/fr\/gasoline\/","title":{"rendered":"Essence"},"content":{"rendered":"<p>Nous offrons le service de livraison d\u2019essence ordinaire ou super (livraison aux exploitations agricoles, aux marinas et aux clubs priv\u00e9s).<\/p>\n<p>Outre l\u2019essence courante, nous offrons de l\u2019essence \u00e0 indice d\u2019octane \u00e9lev\u00e9 pour la course automobile et les usages r\u00e9cr\u00e9atifs (en contenants de 5 gallons ou de 45\u00a0gallons). Nous avons habituellement de l\u2019essence \u00e0 indice d\u2019octane de 110, et nous sommes en mesure de fournir un carburant \u00e0 indice d\u2019octane plus \u00e9lev\u00e9 si on nous en fait la commande. L\u2019essence pour la course automobile n\u2019est offerte qu\u2019aux installations de Morrison Fuels (nous ne sommes pas en mesure d\u2019assurer la livraison de ce produit).<\/p>","protected":false},"excerpt":{"rendered":"<p>Nous offrons le service de livraison d\u2019essence ordinaire ou super (livraison aux exploitations agricoles, aux marinas et aux clubs priv\u00e9s). Outre l\u2019essence courante, nous offrons de l\u2019essence \u00e0 indice d\u2019octane \u00e9lev\u00e9 pour la course automobile et les usages r\u00e9cr\u00e9atifs (en contenants de 5 gallons ou de 45\u00a0gallons). Nous avons habituellement de l\u2019essence \u00e0 indice d\u2019octane [&hellip;]<\/p>\n","protected":false},"author":1,"featured_media":88,"parent":0,"menu_order":0,"comment_status":"open","ping_status":"open","template":"page-fuel.php","meta":{"footnotes":""},"class_list":["post-93","page","type-page","status-publish","has-post-thumbnail","hentry"],"yoast_head":"<!-- This site is optimized with the Yoast SEO plugin v26.9 - https:\/\/yoast.com\/product\/yoast-seo-wordpress\/ -->\n<title>Farm Gas, Gasoline Delivery, Racing Fuel, Farm Gasoline, Morriosn Fuels Delivery, Western Quebec, Wakefield, Chelsea, Gracefiled, Aylmer, Luskville, Val Des Monts<\/title>\n<meta name=\"description\" content=\"We offer both regular and super quality grade gasoline delivered to your location (Including: farms, marinas and private clubs).\" \/>\n<meta name=\"robots\" content=\"index, follow, max-snippet:-1, max-image-preview:large, max-video-preview:-1\" \/>\n<link rel=\"canonical\" href=\"https:\/\/www.morrisonfuels.com\/gasoline\/\" \/>\n<meta property=\"og:locale\" content=\"fr_FR\" \/>\n<meta property=\"og:type\" content=\"article\" \/>\n<meta property=\"og:title\" content=\"Farm Gas, Gasoline Delivery, Racing Fuel, Farm Gasoline, Morriosn Fuels Delivery, Western Quebec, Wakefield, Chelsea, Gracefiled, Aylmer, Luskville, Val Des Monts\" \/>\n<meta property=\"og:description\" content=\"We offer both regular and super quality grade gasoline delivered to your location (Including: farms, marinas and private clubs).\" \/>\n<meta property=\"og:url\" content=\"https:\/\/www.morrisonfuels.com\/gasoline\/\" \/>\n<meta property=\"article:modified_time\" content=\"2013-11-21T17:23:35+00:00\" \/>\n<meta property=\"og:image\" content=\"https:\/\/www.morrisonfuels.com\/wp-content\/uploads\/2013\/02\/gas.png\" \/>\n\t<meta property=\"og:image:width\" content=\"70\" \/>\n\t<meta property=\"og:image:height\" content=\"40\" \/>\n\t<meta property=\"og:image:type\" content=\"image\/png\" \/>\n<meta name=\"twitter:label1\" content=\"Dur\u00e9e de lecture estim\u00e9e\" \/>\n\t<meta name=\"twitter:data1\" content=\"1 minute\" \/>\n<script type=\"application\/ld+json\" class=\"yoast-schema-graph\">{\"@context\":\"https:\/\/schema.org\",\"@graph\":[{\"@type\":\"WebPage\",\"@id\":\"https:\/\/www.morrisonfuels.com\/gasoline\/\",\"url\":\"https:\/\/www.morrisonfuels.com\/gasoline\/\",\"name\":\"Farm Gas, Gasoline Delivery, Racing Fuel, Farm Gasoline, Morriosn Fuels Delivery, Western Quebec, Wakefield, Chelsea, Gracefiled, Aylmer, Luskville, Val Des Monts\",\"isPartOf\":{\"@id\":\"http:\/\/www.morrisonfuels.com\/#website\"},\"primaryImageOfPage\":{\"@id\":\"https:\/\/www.morrisonfuels.com\/gasoline\/#primaryimage\"},\"image\":{\"@id\":\"https:\/\/www.morrisonfuels.com\/gasoline\/#primaryimage\"},\"thumbnailUrl\":\"https:\/\/www.morrisonfuels.com\/wp-content\/uploads\/2013\/02\/gas.png\",\"datePublished\":\"2013-02-03T21:03:36+00:00\",\"dateModified\":\"2013-11-21T17:23:35+00:00\",\"description\":\"We offer both regular and super quality grade gasoline delivered to your location (Including: farms, marinas and private clubs).\",\"breadcrumb\":{\"@id\":\"https:\/\/www.morrisonfuels.com\/gasoline\/#breadcrumb\"},\"inLanguage\":\"fr-FR\",\"potentialAction\":[{\"@type\":\"ReadAction\",\"target\":[\"https:\/\/www.morrisonfuels.com\/gasoline\/\"]}]},{\"@type\":\"ImageObject\",\"inLanguage\":\"fr-FR\",\"@id\":\"https:\/\/www.morrisonfuels.com\/gasoline\/#primaryimage\",\"url\":\"https:\/\/www.morrisonfuels.com\/wp-content\/uploads\/2013\/02\/gas.png\",\"contentUrl\":\"https:\/\/www.morrisonfuels.com\/wp-content\/uploads\/2013\/02\/gas.png\",\"width\":70,\"height\":40},{\"@type\":\"BreadcrumbList\",\"@id\":\"https:\/\/www.morrisonfuels.com\/gasoline\/#breadcrumb\",\"itemListElement\":[{\"@type\":\"ListItem\",\"position\":1,\"name\":\"Home\",\"item\":\"http:\/\/www.morrisonfuels.com\/\"},{\"@type\":\"ListItem\",\"position\":2,\"name\":\"Gasoline\"}]},{\"@type\":\"WebSite\",\"@id\":\"http:\/\/www.morrisonfuels.com\/#website\",\"url\":\"http:\/\/www.morrisonfuels.com\/\",\"name\":\"\",\"description\":\"\",\"potentialAction\":[{\"@type\":\"SearchAction\",\"target\":{\"@type\":\"EntryPoint\",\"urlTemplate\":\"http:\/\/www.morrisonfuels.com\/?s={search_term_string}\"},\"query-input\":{\"@type\":\"PropertyValueSpecification\",\"valueRequired\":true,\"valueName\":\"search_term_string\"}}],\"inLanguage\":\"fr-FR\"}]}<\/script>\n<!-- \/ Yoast SEO plugin. -->","yoast_head_json":{"title":"Farm Gas, Gasoline Delivery, Racing Fuel, Farm Gasoline, Morriosn Fuels Delivery, Western Quebec, Wakefield, Chelsea, Gracefiled, Aylmer, Luskville, Val Des Monts","description":"We offer both regular and super quality grade gasoline delivered to your location (Including: farms, marinas and private clubs).","robots":{"index":"index","follow":"follow","max-snippet":"max-snippet:-1","max-image-preview":"max-image-preview:large","max-video-preview":"max-video-preview:-1"},"canonical":"https:\/\/www.morrisonfuels.com\/gasoline\/","og_locale":"fr_FR","og_type":"article","og_title":"Farm Gas, Gasoline Delivery, Racing Fuel, Farm Gasoline, Morriosn Fuels Delivery, Western Quebec, Wakefield, Chelsea, Gracefiled, Aylmer, Luskville, Val Des Monts","og_description":"We offer both regular and super quality grade gasoline delivered to your location (Including: farms, marinas and private clubs).","og_url":"https:\/\/www.morrisonfuels.com\/gasoline\/","article_modified_time":"2013-11-21T17:23:35+00:00","og_image":[{"width":70,"height":40,"url":"https:\/\/www.morrisonfuels.com\/wp-content\/uploads\/2013\/02\/gas.png","type":"image\/png"}],"twitter_misc":{"Dur\u00e9e de lecture estim\u00e9e":"1 minute"},"schema":{"@context":"https:\/\/schema.org","@graph":[{"@type":"WebPage","@id":"https:\/\/www.morrisonfuels.com\/gasoline\/","url":"https:\/\/www.morrisonfuels.com\/gasoline\/","name":"Farm Gas, Gasoline Delivery, Racing Fuel, Farm Gasoline, Morriosn Fuels Delivery, Western Quebec, Wakefield, Chelsea, Gracefiled, Aylmer, Luskville, Val Des Monts","isPartOf":{"@id":"http:\/\/www.morrisonfuels.com\/#website"},"primaryImageOfPage":{"@id":"https:\/\/www.morrisonfuels.com\/gasoline\/#primaryimage"},"image":{"@id":"https:\/\/www.morrisonfuels.com\/gasoline\/#primaryimage"},"thumbnailUrl":"https:\/\/www.morrisonfuels.com\/wp-content\/uploads\/2013\/02\/gas.png","datePublished":"2013-02-03T21:03:36+00:00","dateModified":"2013-11-21T17:23:35+00:00","description":"We offer both regular and super quality grade gasoline delivered to your location (Including: farms, marinas and private clubs).","breadcrumb":{"@id":"https:\/\/www.morrisonfuels.com\/gasoline\/#breadcrumb"},"inLanguage":"fr-FR","potentialAction":[{"@type":"ReadAction","target":["https:\/\/www.morrisonfuels.com\/gasoline\/"]}]},{"@type":"ImageObject","inLanguage":"fr-FR","@id":"https:\/\/www.morrisonfuels.com\/gasoline\/#primaryimage","url":"https:\/\/www.morrisonfuels.com\/wp-content\/uploads\/2013\/02\/gas.png","contentUrl":"https:\/\/www.morrisonfuels.com\/wp-content\/uploads\/2013\/02\/gas.png","width":70,"height":40},{"@type":"BreadcrumbList","@id":"https:\/\/www.morrisonfuels.com\/gasoline\/#breadcrumb","itemListElement":[{"@type":"ListItem","position":1,"name":"Home","item":"http:\/\/www.morrisonfuels.com\/"},{"@type":"ListItem","position":2,"name":"Gasoline"}]},{"@type":"WebSite","@id":"http:\/\/www.morrisonfuels.com\/#website","url":"http:\/\/www.morrisonfuels.com\/","name":"","description":"","potentialAction":[{"@type":"SearchAction","target":{"@type":"EntryPoint","urlTemplate":"http:\/\/www.morrisonfuels.com\/?s={search_term_string}"},"query-input":{"@type":"PropertyValueSpecification","valueRequired":true,"valueName":"search_term_string"}}],"inLanguage":"fr-FR"}]}},"_links":{"self":[{"href":"https:\/\/www.morrisonfuels.com\/fr\/wp-json\/wp\/v2\/pages\/93","targetHints":{"allow":["GET"]}}],"collection":[{"href":"https:\/\/www.morrisonfuels.com\/fr\/wp-json\/wp\/v2\/pages"}],"about":[{"href":"https:\/\/www.morrisonfuels.com\/fr\/wp-json\/wp\/v2\/types\/page"}],"author":[{"embeddable":true,"href":"https:\/\/www.morrisonfuels.com\/fr\/wp-json\/wp\/v2\/users\/1"}],"replies":[{"embeddable":true,"href":"https:\/\/www.morrisonfuels.com\/fr\/wp-json\/wp\/v2\/comments?post=93"}],"version-history":[{"count":5,"href":"https:\/\/www.morrisonfuels.com\/fr\/wp-json\/wp\/v2\/pages\/93\/revisions"}],"predecessor-version":[{"id":324,"href":"https:\/\/www.morrisonfuels.com\/fr\/wp-json\/wp\/v2\/pages\/93\/revisions\/324"}],"wp:featuredmedia":[{"embeddable":true,"href":"https:\/\/www.morrisonfuels.com\/fr\/wp-json\/wp\/v2\/media\/88"}],"wp:attachment":[{"href":"https:\/\/www.morrisonfuels.com\/fr\/wp-json\/wp\/v2\/media?parent=93"}],"curies":[{"name":"wp","href":"https:\/\/api.w.org\/{rel}","templated":true}]}}